{"id":832,"date":"2013-06-28T07:41:11","date_gmt":"2013-06-28T06:41:11","guid":{"rendered":"http:\/\/rotaryclubmodena.it\/?page_id=832"},"modified":"2013-09-22T17:03:31","modified_gmt":"2013-09-22T16:03:31","slug":"il-club-3","status":"publish","type":"page","link":"https:\/\/www.rotarymodena.it\/?page_id=832","title":{"rendered":"Il Club"},"content":{"rendered":"<p style=\"text-align: justify;\"><span style=\"color: #000000;\"><a href=\"http:\/\/rotaryclubmodena.it\/?attachment_id=1635\" rel=\"attachment wp-att-1635\"><img loading=\"lazy\" decoding=\"async\" class=\"size-thumbnail wp-image-1635 alignleft\" style=\"margin-left: 10px; margin-right: 10px;\" title=\"Gagliardetto 1\" src=\"http:\/\/rotaryclubmodena.it\/wp-content\/uploads\/2013\/06\/Gagliardetto-1-94x150.jpg\" alt=\"\" width=\"94\" height=\"150\" srcset=\"https:\/\/www.rotarymodena.it\/wp-content\/uploads\/2013\/06\/Gagliardetto-1-94x150.jpg 94w, https:\/\/www.rotarymodena.it\/wp-content\/uploads\/2013\/06\/Gagliardetto-1-189x300.jpg 189w, https:\/\/www.rotarymodena.it\/wp-content\/uploads\/2013\/06\/Gagliardetto-1.jpg 317w\" sizes=\"auto, (max-width: 94px) 100vw, 94px\" \/><\/a>Il <strong>Rotary Club Modena<\/strong> \u00a0\u00e8 il pi\u00f9 &#8220;anziano&#8221; dei due club della citt\u00e0, essendo nato nel 1949, mentre il secondo (il R.C. Modena Ludovico Antonio Muratori) \u00e8 stato costituito nel 2002. Fa parte del Distretto 2072, che a sua volta raggruppa 48 club nel territorio che comprende l&#8217;Emilia Romagna (con l&#8217;esclusione della provincia di Piacenza) e la Repubblica di S. Marino ( per avere informazioni relative al distretto clicca su questo\u00a0<span style=\"font-size: 18px;\"><strong><a title=\"Sito Distrettuale\" href=\"http:\/\/www.rotary2072.org\" target=\"_blank\">link<\/a><\/strong><\/span>).<\/span><\/p>\n<div>\n<p style=\"text-align: justify;\"><span style=\"color: #000000;\"><br \/>\nLa lunga <span style=\"font-size: 18px;\"><a title=\"Breve storia del Club\" href=\"http:\/\/rotaryclubmodena.it\/?page_id=323\"><strong>storia<\/strong><\/a><\/span> del Club richiede una pagina dedicata; i <span style=\"font-size: 18px;\"><a title=\"I soci fondatori\" href=\"http:\/\/rotaryclubmodena.it\/?page_id=994\"><strong>soci fondatori<\/strong> <\/a><\/span>furono originariamente dodici, ma aumentarono rapidamente. I <strong>soci attuali<\/strong> sono 97 e molti di loro, a turno, si impegnano nella direzione del club. Ogni anno, il 1\u00b0 luglio entra in carica un nuovo <span style=\"font-size: 18px;\"><a title=\"Il Presidente\" href=\"http:\/\/rotaryclubmodena.it\/?page_id=985\"><strong>presidente<\/strong><\/a><\/span>, un nuovo <span style=\"font-size: 18px;\"><a title=\"Il Consiglio Direttivo in carica\" href=\"http:\/\/rotaryclubmodena.it\/?page_id=1186\"><strong>Consiglio Direttivo<\/strong><\/a><\/span>, ed una serie di <strong><span style=\"font-size: 18px;\"><a title=\"Le Commissioni\" href=\"http:\/\/rotaryclubmodena.it\/?page_id=1015\">Commissioni<\/a><\/span>; <\/strong>si potranno trovare tutte le informazioni sui vari argomenti cliccando i rispettivi argomenti sul men\u00f9 a tendina associato alla pagina principale.<br \/>\n<\/span><\/p>\n<p style=\"text-align: justify;\"><span style=\"color: #000000;\">I soci del club si riuniscono in conviviale settimanalmente il marted\u00ec, di norma presso il ristorante &#8220;La Secchia Rapita&#8221; in Corso Canalgrande a Modena. <\/span><\/p>\n<p style=\"text-align: justify;\"><span style=\"color: #000000;\"><a href=\"http:\/\/rotaryclubmodena.it\/?attachment_id=983\" rel=\"attachment wp-att-983\"><img loading=\"lazy\" decoding=\"async\" class=\"size-medium wp-image-983 alignright\" style=\"margin: 10px;\" title=\"giugno\" src=\"http:\/\/rotaryclubmodena.it\/wp-content\/uploads\/2013\/06\/giugno-300x221.jpg\" alt=\"\" width=\"300\" height=\"221\" srcset=\"https:\/\/www.rotarymodena.it\/wp-content\/uploads\/2013\/06\/giugno-300x221.jpg 300w, https:\/\/www.rotarymodena.it\/wp-content\/uploads\/2013\/06\/giugno-150x110.jpg 150w, https:\/\/www.rotarymodena.it\/wp-content\/uploads\/2013\/06\/giugno-1024x756.jpg 1024w, https:\/\/www.rotarymodena.it\/wp-content\/uploads\/2013\/06\/giugno.jpg 1498w\" sizes=\"auto, (max-width: 300px) 100vw, 300px\" \/><\/a><\/span><span style=\"color: #000000;\">.<\/span><\/p>\n<p style=\"text-align: justify;\"><span style=\"color: #000000;\">Alla pagina <span style=\"font-size: 18px;\"><a title=\"I \u201cservices degli anni passati\u201d\" href=\"http:\/\/rotaryclubmodena.it\/?page_id=119\"><strong>&#8220;Le passate attivit\u00e0 del Club&#8221;<\/strong><\/a><\/span>\u00a0 si trova una breve descrizione della storia del club e dei services effettuati dal nostro club nel recente passato.<\/span><\/p>\n<p style=\"text-align: justify;\"><span style=\"color: #000000;\">Alla pagina <span style=\"font-size: 18px;\"><a title=\"Gli ultimi progetti\" href=\"http:\/\/rotaryclubmodena.it\/?page_id=1006\"><strong>&#8220;I progetti recenti&#8221;<\/strong><\/a><\/span>, troverete un dettaglio delle attivit\u00e0 di servizio effettuate nel corso degli ultimi esercizi e di quelli che verranno realizzati nel corrente esercizio.<\/span><\/p>\n<\/div>\n","protected":false},"excerpt":{"rendered":"<p>Il Rotary Club Modena \u00a0\u00e8 il pi\u00f9 &#8220;anziano&#8221; dei due club della citt\u00e0, essendo nato nel 1949, mentre il secondo (il R.C. Modena Ludovico Antonio Muratori) \u00e8 stato costituito nel 2002. Fa parte del Distretto 2072, che a sua volta raggruppa 48 club nel territorio che comprende l&#8217;Emilia Romagna (con l&#8217;esclusione della provincia di Piacenza) [&hellip;]<\/p>\n","protected":false},"author":251,"featured_media":0,"parent":0,"menu_order":0,"comment_status":"closed","ping_status":"closed","template":"","meta":{"_acf_changed":false,"footnotes":""},"class_list":["post-832","page","type-page","status-publish","hentry"],"acf":[],"_links":{"self":[{"href":"https:\/\/www.rotarymodena.it\/index.php?rest_route=\/wp\/v2\/pages\/832","targetHints":{"allow":["GET"]}}],"collection":[{"href":"https:\/\/www.rotarymodena.it\/index.php?rest_route=\/wp\/v2\/pages"}],"about":[{"href":"https:\/\/www.rotarymodena.it\/index.php?rest_route=\/wp\/v2\/types\/page"}],"author":[{"embeddable":true,"href":"https:\/\/www.rotarymodena.it\/index.php?rest_route=\/wp\/v2\/users\/251"}],"replies":[{"embeddable":true,"href":"https:\/\/www.rotarymodena.it\/index.php?rest_route=%2Fwp%2Fv2%2Fcomments&post=832"}],"version-history":[{"count":28,"href":"https:\/\/www.rotarymodena.it\/index.php?rest_route=\/wp\/v2\/pages\/832\/revisions"}],"predecessor-version":[{"id":2128,"href":"https:\/\/www.rotarymodena.it\/index.php?rest_route=\/wp\/v2\/pages\/832\/revisions\/2128"}],"wp:attachment":[{"href":"https:\/\/www.rotarymodena.it\/index.php?rest_route=%2Fwp%2Fv2%2Fmedia&parent=832"}],"curies":[{"name":"wp","href":"https:\/\/api.w.org\/{rel}","templated":true}]}}