{"id":821,"date":"2013-06-26T17:02:49","date_gmt":"2013-06-26T16:02:49","guid":{"rendered":"http:\/\/rotaryclubmodena.it\/?page_id=821"},"modified":"2013-08-27T08:53:59","modified_gmt":"2013-08-27T07:53:59","slug":"what-is-rotary","status":"publish","type":"page","link":"https:\/\/www.rotarymodena.it\/?page_id=821","title":{"rendered":"Che cosa \u00e8 il Rotary"},"content":{"rendered":"<p style=\"text-align: justify;\">[evp_embed_video url=&#8221;http:\/\/rotaryclubmodena.it\/wp-content\/uploads\/2013\/08\/youre_welcome_480x270.mp4&#8243; width=580 height= 380 autoplay=&#8221;true&#8221;]<\/p>\n<p style=\"text-align: justify;\">Il Rotary \u00e8 un&#8217; <strong>associazione mondiale di imprenditori, dirigenti di azienda e professionisti, di entrambi i sessi<\/strong>, che prestano volontariamente servizio umanitario, che incoraggiano il rispetto di elevati principi etici nell&#8217; esercizio di ogni professione e che si impegnano a costruire un mondo di amicizia e di pace.<\/p>\n<p style=\"text-align: justify;\">Lo scopo del Rotary \u00e8 <strong>incoraggiare e sviluppare l&#8217;ideale del &#8220;servire&#8221;<\/strong>, inteso come motore e propulsore di ogni attivit\u00e0. In particolare, esso si propone di :<\/p>\n<p><img loading=\"lazy\" decoding=\"async\" class=\"size-medium wp-image-973 alignright\" style=\"margin: 10px;\" title=\"Che cos'\u00e8 il Rotary\" src=\"http:\/\/rotaryclubmodena.it\/wp-content\/uploads\/2013\/06\/Che-cos\u00e8-il-Rotary-300x266.jpg\" alt=\"\" width=\"300\" height=\"266\" srcset=\"https:\/\/www.rotarymodena.it\/wp-content\/uploads\/2013\/06\/Che-cos\u00e8-il-Rotary-300x266.jpg 300w, https:\/\/www.rotarymodena.it\/wp-content\/uploads\/2013\/06\/Che-cos\u00e8-il-Rotary-150x133.jpg 150w, https:\/\/www.rotarymodena.it\/wp-content\/uploads\/2013\/06\/Che-cos\u00e8-il-Rotary.jpg 794w\" sizes=\"auto, (max-width: 300px) 100vw, 300px\" \/><\/p>\n<ul style=\"text-align: justify;\">\n<li>promuovere e sviluppare relazioni amichevoli tra i propri soci, per renderli meglio atti a servire l&#8217;interesse generale;<\/li>\n<\/ul>\n<ul style=\"text-align: justify;\">\n<li>formare ai principi della pi\u00f9 alta rettitudine la pratica degli affari e delle professioni; riconoscere la dignit\u00e0 di ogni occupazione utile e far s\u00ec che essa venga esercitata nella maniera pi\u00f9 degna quale mezzo per servire la societ\u00e0;<\/li>\n<\/ul>\n<ul style=\"text-align: justify;\">\n<li>orientare l&#8217;attivit\u00e0 privata, professionale e pubblica dei singoli al concetto del servizi<\/li>\n<\/ul>\n<ul style=\"text-align: justify;\">\n<li>propagare la comprensione, la buona volont\u00e0 e la pace fra nazione e nazione mediante il diffondersi nel mondo di relazioni amichevoli fra gli esponenti delle varie attivit\u00e0 economiche e professionali, uniti nel comune proposito e nella volont\u00e0 di &#8220;servire&#8221;.<\/li>\n<\/ul>\n<p style=\"text-align: justify;\">Esistono oltre 34.000 Rotary Club in oltre\u00a0196 Paesi e aree geografiche. I club sono apolitici, non confessionali e aperti a tutte le culture, razze e credo. Come enunciato dal motto <strong>\u201cServire al di sopra di ogni interesse personale\u201d<\/strong>, l\u2019obiettivo principale del Rotary \u00e8 il servizio, nella comunit\u00e0, sul posto di lavoro e in tutto il mondo.<\/p>\n<p style=\"text-align: justify;\">Il Rotary ha una sua <strong><a title=\"Il Rotary\" href=\"http:\/\/rotaryclubmodena.it\/?page_id=15\">storia<\/a>\u00a0<\/strong>(clicca con il tasto destro del mouse per passare alla pagina della storia del Rotary)<strong>, i suoi statuti ed i suoi\u00a0 regolamenti<\/strong>. Si impegna in molte attivit\u00e0; ha strutture, Presidenze, distretti. Il tutto \u00e8 molto articolato e persino complesso, ma al di l\u00e0 di questo che pur gli d\u00e0 sostanza e forza, il Rotary \u00e8 e vuole significare soprattutto <strong>amicizia e servizio<\/strong>.<\/p>\n<p style=\"text-align: justify;\">La base della organizzazione del Rotary \u00e8 costituita dai <strong>Club<\/strong>, i cui soci sono dei professionisti che credono nei valori umani pi\u00f9 autentici ma che, soprattutto, vogliono mettere a disposizione della societ\u00e0 la loro competenza con azioni di servizio e di generosit\u00e0 attiva. Il Club \u00e8 governato da un Consiglio di Amministrazione, presieduto da un <strong>Presidente<\/strong>; i soci del club risiedono normalmente in una area ben specificata, che pu\u00f2 essere una parte di una citt\u00e0, una citt\u00e0, una provincia (se \u00e8 piccola) \u00a0e cos\u00ec via. Un certo numero di club (mediamente da 40 a 60) distribuiti su una certa area geografica, normalmente abbastanza ben definita, formano un <strong>Distretto<\/strong>, retto da un <strong>Governatore<\/strong>, diretta emanazione del <strong>Rotary International<\/strong>, che ha sede ad Evanston, Illinois, Stati Uniti di America. La massima autorit\u00e0 rotariana \u00e8 il <strong>Presidente Internazionale<\/strong>, che , come tutte le cariche rotariane, viene rinnovato ogni anno. L&#8217;anno rotariano inizia il 1\u00b0 di luglio e finisce al 30 giugno dell&#8217;anno successivo.<\/p>\n<p style=\"text-align: justify;\">La convivenza nei club, favorita da incontri settimanali che avvengono all&#8217;ora di colazione, pranzo o cena in luoghi predefiniti, e dagli impegni che assieme i soci assumono e realizzano, alimenta la reciproca conoscenza in un clima di benevolenza; si generano cos\u00ec, sempre, un gradevole cameratismo e relazioni improntate a vera amicizia.<\/p>\n<p style=\"text-align: justify;\">Il servizio e l&#8217;amicizia, o almeno il loro riferimento ideale, sono i pilastri e la stessa ragione d&#8217;essere del Rotary. Sono valori che si sostengono e si alimentano a vicenda, perch\u00e9 il servizio rappresenta la concretezza con cui si pu\u00f2 esprimere la responsabilit\u00e0 sociale e l&#8217;amicizia si costruisce con la volont\u00e0 di convivenza buona e generosa.<\/p>\n<p style=\"text-align: justify;\">Il motto del Rotary \u00e8 :<\/p>\n<h2 style=\"text-align: center;\"><strong>Service above Self<\/strong><br \/>\n<strong>Servire al disopra di ogni interesse personale<\/strong><\/h2>\n<p>Per maggiori informazioni sul tipo di organizzazione, sull&#8217;attivit\u00e0 e sulle principali prerogative del <strong><a title=\"Rotary International\" href=\"http:\/\/www.rotary.org\/it\" target=\"_blank\">Rotary International,<\/a><\/strong> consigliamo di visitare il sito www.rotary.org, nelle cui pagine sar\u00e0 possibile trovare quanto richiesto.<\/p>\n","protected":false},"excerpt":{"rendered":"<p>[evp_embed_video url=&#8221;http:\/\/rotaryclubmodena.it\/wp-content\/uploads\/2013\/08\/youre_welcome_480x270.mp4&#8243; width=580 height= 380 autoplay=&#8221;true&#8221;] Il Rotary \u00e8 un&#8217; associazione mondiale di imprenditori, dirigenti di azienda e professionisti, di entrambi i sessi, che prestano volontariamente servizio umanitario, che incoraggiano il rispetto di elevati principi etici nell&#8217; esercizio di ogni professione e che si impegnano a costruire un mondo di amicizia e di pace. Lo [&hellip;]<\/p>\n","protected":false},"author":251,"featured_media":0,"parent":0,"menu_order":0,"comment_status":"closed","ping_status":"closed","template":"","meta":{"_acf_changed":false,"footnotes":""},"class_list":["post-821","page","type-page","status-publish","hentry"],"acf":[],"_links":{"self":[{"href":"https:\/\/www.rotarymodena.it\/index.php?rest_route=\/wp\/v2\/pages\/821","targetHints":{"allow":["GET"]}}],"collection":[{"href":"https:\/\/www.rotarymodena.it\/index.php?rest_route=\/wp\/v2\/pages"}],"about":[{"href":"https:\/\/www.rotarymodena.it\/index.php?rest_route=\/wp\/v2\/types\/page"}],"author":[{"embeddable":true,"href":"https:\/\/www.rotarymodena.it\/index.php?rest_route=\/wp\/v2\/users\/251"}],"replies":[{"embeddable":true,"href":"https:\/\/www.rotarymodena.it\/index.php?rest_route=%2Fwp%2Fv2%2Fcomments&post=821"}],"version-history":[{"count":14,"href":"https:\/\/www.rotarymodena.it\/index.php?rest_route=\/wp\/v2\/pages\/821\/revisions"}],"predecessor-version":[{"id":969,"href":"https:\/\/www.rotarymodena.it\/index.php?rest_route=\/wp\/v2\/pages\/821\/revisions\/969"}],"wp:attachment":[{"href":"https:\/\/www.rotarymodena.it\/index.php?rest_route=%2Fwp%2Fv2%2Fmedia&parent=821"}],"curies":[{"name":"wp","href":"https:\/\/api.w.org\/{rel}","templated":true}]}}