{"id":119,"date":"2012-02-29T18:41:47","date_gmt":"2012-02-29T17:41:47","guid":{"rendered":"http:\/\/rotaryclubmodena.it\/?page_id=119"},"modified":"2020-07-27T13:53:09","modified_gmt":"2020-07-27T12:53:09","slug":"nuova1","status":"publish","type":"page","link":"https:\/\/www.rotarymodena.it\/?page_id=119","title":{"rendered":"I &#8220;services degli anni passati&#8221;"},"content":{"rendered":"<p style=\"text-align: justify;\">L&#8217;azione del Rotary si manifesta attraverso i cosiddetti &#8220;services&#8221;, cio\u00e8 quelle azioni rivolte ad ottenere servizi di pubblica utilit\u00e0. Questi progetti vengono di solito pianificati e realizzati a volte dal singolo Club, a volte in collaborazione con altri Enti o con altri Club, o tramite il supporto della Rotary Foundation.<\/p>\n<p style=\"text-align: justify;\">Un tipico esempio di questi &#8220;service&#8221; \u00e8 quello studiato in collaborazione con il Comune di Modena (assessore Gallerani) e con la sezione modenese dell&#8217;Unione Italiana Ciechi per dotare un certo numero di semafori ubicati lungo la i viali del parco, di dispositivi acustici in grado di facilitare l&#8217;attraversamento di questi viali, particolarmente larghi, ai non vedenti.<\/p>\n<p style=\"text-align: justify;\">Il progetto \u00e8 stato approvato ed iniziato durante la presidenza di Umberto Carretti e rappresenta un esempio riuscito di collaborazione tra diverse organizzazioni: l&#8217;Unione Italiana Ciechi ha suggerito i luoghi dell&#8217;intervento, l&#8217;Assessorato si preso carico dell&#8217;ottenimento delle necessarie autorizzazioni, l\u2019 azienda META ha realizzato praticamente l&#8217;intervento ed il Rotary si \u00e8 fatto carico degli aspetti finanziari. Questo &#8220;service&#8221; non \u00e8 ancora completato ma si spera di portarlo a compimento quanto prima.<\/p>\n<p style=\"text-align: justify;\">Nel seguito sono elencati alcuni dei &#8220;services&#8221; pi\u00f9 significativi che hanno visto il Rotary Club Modena protagonista, durante il periodo che va dalla sua fondazione fino ai giorni nostri.<\/p>\n<p style=\"text-align: justify;\">Tra i pi\u00f9 importanti &#8220;servizi&#8221; realizzati dal club a livello locale e nazionale si possono menzionare (ma senza pretesa di completezza):<\/p>\n<ul style=\"text-align: justify;\">\n<li>il contributo annuale, in occasione del Natale, alle iniziative benefiche dell&#8217; Arcivescovo di Modena;<\/li>\n<li>i contributi a favore delle popolazioni colpite da calamit\u00e0 naturali: Vajont, Polesine, Firenze, Belice, lrpinia, Friuli e Umbria;<\/li>\n<li>Contributi a favore delle popolazioni colpite da calamit\u00e0 naturali: allagamento del &#8220;Vajont, alluvioni del Polesine, di Firenze e del Piemonte, terremoti del Belice, dell &#8216;lrpinia, del Friuli e dell &#8216;Umbria;<\/li>\n<\/ul>\n<p style=\"text-align: justify;\"><span style=\"color: #000000;\"><a href=\"http:\/\/rotaryclubmodena.it\/?attachment_id=414\" rel=\"attachment wp-att-414\"><span style=\"color: #000000;\"><img loading=\"lazy\" decoding=\"async\" class=\"size-full wp-image-414 alignleft\" title=\"altare\" src=\"http:\/\/rotaryclubmodena.it\/wp-content\/uploads\/2012\/02\/altare.jpg\" alt=\"\" width=\"314\" height=\"382\" srcset=\"https:\/\/www.rotarymodena.it\/wp-content\/uploads\/2012\/02\/altare.jpg 314w, https:\/\/www.rotarymodena.it\/wp-content\/uploads\/2012\/02\/altare-123x150.jpg 123w, https:\/\/www.rotarymodena.it\/wp-content\/uploads\/2012\/02\/altare-246x300.jpg 246w\" sizes=\"auto, (max-width: 314px) 100vw, 314px\" \/><\/span><\/a><\/span><\/p>\n<p style=\"text-align: justify;\"><a href=\"http:\/\/rotaryclubmodena.it\/?attachment_id=415\" rel=\"attachment wp-att-415\"><img loading=\"lazy\" decoding=\"async\" class=\"wp-image-415 aligncenter\" title=\"crocefissoweb\" src=\"http:\/\/rotaryclubmodena.it\/wp-content\/uploads\/2012\/02\/crocefissoweb.jpg\" alt=\"\" width=\"252\" height=\"380\" srcset=\"https:\/\/www.rotarymodena.it\/wp-content\/uploads\/2012\/02\/crocefissoweb.jpg 252w, https:\/\/www.rotarymodena.it\/wp-content\/uploads\/2012\/02\/crocefissoweb-99x150.jpg 99w, https:\/\/www.rotarymodena.it\/wp-content\/uploads\/2012\/02\/crocefissoweb-198x300.jpg 198w\" sizes=\"auto, (max-width: 252px) 100vw, 252px\" \/><\/a><\/p>\n<h6 style=\"text-align: justify;\"><\/h6>\n<h6 style=\"text-align: justify;\">L&#8217;altare della Croce, nella chiesa di S.Pietro in Modena, restaurato nel 1999 e la pala di San Bernardino,nella navata destra del Duomo,\u00a0 restaurata nel 1989-90<\/h6>\n<ul>\n<li style=\"text-align: justify;\"><span style=\"color: #000000;\">borse di studio a favore di studenti universitari meritevoli e di 12 &#8220;Patronatini&#8221; per un corso completo presso l&#8217;Istituto Fermo Corni;<\/span><\/li>\n<li style=\"text-align: justify;\"><span style=\"color: #000000;\">pulmino per il trasporto di sacerdoti anziani;<\/span><\/li>\n<li style=\"text-align: justify;\"><span style=\"color: #000000;\">contributo per la costruzione di una casa di riposo per anziani;<\/span><\/li>\n<li style=\"text-align: justify;\"><span style=\"color: #000000;\">contributi a diverse iniziative dell\u2019Unione italiana ciechi per la formazione di insegnanti di sostegno; per corsi di alfabetizzazione informatica, per acquisto di materiale informatico dedicato per bambini ciechi o ipovedenti;<\/span><\/li>\n<li style=\"text-align: justify;\"><span style=\"color: #000000;\">donazione di una biblioteca al Policlinico;<\/span><\/li>\n<li style=\"text-align: justify;\"><span style=\"color: #000000;\">arredamento di parte dell&#8217;Istituto Paride Colfi;<\/span><\/li>\n<li style=\"text-align: justify;\"><span style=\"color: #000000;\">contributo per la trasformazione della Chiesa di San Carlo in auditorium cittadino;<\/span><\/li>\n<li style=\"text-align: justify;\"><span style=\"color: #000000;\">Restauro dell&#8217; affresco di Cristoforo da Lendinara nel Duomo e dell&#8217;Altare della Croce in San Pietro, quest&#8217;ultimo in collaborazione col Rotaract;<\/span><\/li>\n<li style=\"text-align: justify;\"><span style=\"color: #000000;\">restauro dell\u2019altare maggiore della Chiesa B.V. delle Grazie; cofinanziamento del recupero di un dipinto del trecento nella Chiesa di S. Biagio nel Carmine;<\/span><\/li>\n<li style=\"text-align: justify;\"><span style=\"color: #000000;\">dono all&#8217;Arcivescovo di alcune centinaia di copie di una videocassetta, realizzata dal Club, sul Duomo di Modena;<\/span><\/li>\n<li style=\"text-align: justify;\"><span style=\"color: #000000;\">dono di un rene artificiale al Policlinico;<\/span><\/li>\n<li style=\"text-align: justify;\"><span style=\"color: #000000;\">dono di un\u2019apparecchiatura scientifica alla clinica chirurgica dell&#8217;Universit\u00e0;<\/span><\/li>\n<li style=\"text-align: justify;\"><span style=\"color: #000000;\">dono di un microscopio endoteliale alla clinica oculistica dell&#8217;Universit\u00e0;<\/span><\/li>\n<li style=\"text-align: justify;\"><span style=\"color: #000000;\">dono di un microscopio endoteliale alla clinica oculistica dell&#8217;Universit\u00e0;<\/span><\/li>\n<li style=\"text-align: justify;\"><span style=\"color: #000000;\">acquisto (insieme ai club del Gruppo Ghirlandina\u2019) di una autovettura per interventi di urgenza a favore di neo mamme in difficolt\u00e0;<\/span><\/li>\n<li style=\"text-align: justify;\"><span style=\"color: #000000;\">istituzione dei premio &#8220;La Bonissima&#8221; per eminenti artigiani e del premio &#8220;Ghirlandina&#8221;, (anch\u2019esso in collaborazione con tutti i Rotary della provincia) a favore di iniziative giovanili;<\/span><\/li>\n<li style=\"text-align: justify;\"><span style=\"color: #000000;\">premio \u2018Biondi\u2019, destinato a figli di agenti di polizia che si sono distinti all\u2019esame di maturit\u00e0, nonch\u00e9, da ultimo,<\/span><\/li>\n<li style=\"text-align: justify;\"><span style=\"color: #000000;\">il premio istituito in memoria di S. Busani Ferrari (presidente G.F. Ferrari), da conferire con cadenza biennale per i prossimi cinque anni a favore di una imprenditrice, residente nel territorio del Distretto, che si sia distinta anche per l\u2019aderenza ai valori ed ai principi del Rotary;<\/span><\/li>\n<li style=\"text-align: justify;\"><span style=\"color: #000000;\">realizzazione e distribuzione ai giovani di un manuale sulla droga e di uno sulla sicurezza nelle scuole; organizzazione di tavole rotonde e di dibattiti pubblici sui problemi del diritto di famiglia, sulla droga, sulla formazione e sull&#8217;inserimento professionale dei giovani; sulle prospettive dell&#8217; economia modenese, sull\u2019acqua come problema e come risorsa; incontri di sensibilizzazione dei giovani sul tema della droga, dell\u2019alcol, della sicurezza stradale, dell\u2019etica nello sport.<\/span><\/li>\n<li style=\"text-align: justify;\"><span style=\"color: #000000;\">Tra i services di rilievo internazionale si possono menzionare (anche qui senza pretesa di completezza): contributo alla iniziativa dei Rotary Italiani &#8220;Vita per l&#8217;Albania&#8221;;<\/span><\/li>\n<li style=\"text-align: justify;\"><span style=\"color: #000000;\">impostazione e finanziamento, in collaborazione con la Rotary Foundation, di un importante programma per l&#8217;intervento chirurgico a favore di alcuni bambini del Nord Africa colpiti da gravi disturbi di cuore; contributo per la realizzazione di un Ospedale modenese nello Zimbawe;<\/span><\/li>\n<li style=\"text-align: justify;\"><span style=\"color: #000000;\">realizzazione di due pozzi in Sudan ed in Camerun;<\/span><\/li>\n<li style=\"text-align: justify;\"><span style=\"color: #000000;\">acquisto di una canoa a motore con funzione di ambulanza, con le attrezzature e dotazioni necessarie (in collaborazione con il R.C. di Manaus) per l\u2019assistenza sanitaria in Amazzonia (dove le strade mancano quasi per intero e il fiume \u00e8 l\u2019unica via percorribile); vaccinazione antirabbica di 50 bambini in Mozambico (in corso di realizzazione);<\/span><\/li>\n<li style=\"text-align: justify;\"><span style=\"color: #000000;\">nonch\u00e8 i periodici contributi ai programmi della Rotary Foundation ed, in particolare, alla pi\u00f9 importante (e certo pi\u00f9 nota) iniziativa del Rotary International diretta ad eliminare la poliomelite nel mondo denominata \u201cProgetto Polo Plus\u201d<\/span><\/li>\n<\/ul>\n<p>&nbsp;<\/p>\n","protected":false},"excerpt":{"rendered":"<p>L&#8217;azione del Rotary si manifesta attraverso i cosiddetti &#8220;services&#8221;, cio\u00e8 quelle azioni rivolte ad ottenere servizi di pubblica utilit\u00e0. Questi progetti vengono di solito pianificati e realizzati a volte dal singolo Club, a volte in collaborazione con altri Enti o con altri Club, o tramite il supporto della Rotary Foundation. Un tipico esempio di questi [&hellip;]<\/p>\n","protected":false},"author":251,"featured_media":0,"parent":832,"menu_order":1,"comment_status":"closed","ping_status":"closed","template":"","meta":{"_acf_changed":false,"footnotes":""},"class_list":["post-119","page","type-page","status-publish","hentry"],"acf":[],"_links":{"self":[{"href":"https:\/\/www.rotarymodena.it\/index.php?rest_route=\/wp\/v2\/pages\/119","targetHints":{"allow":["GET"]}}],"collection":[{"href":"https:\/\/www.rotarymodena.it\/index.php?rest_route=\/wp\/v2\/pages"}],"about":[{"href":"https:\/\/www.rotarymodena.it\/index.php?rest_route=\/wp\/v2\/types\/page"}],"author":[{"embeddable":true,"href":"https:\/\/www.rotarymodena.it\/index.php?rest_route=\/wp\/v2\/users\/251"}],"replies":[{"embeddable":true,"href":"https:\/\/www.rotarymodena.it\/index.php?rest_route=%2Fwp%2Fv2%2Fcomments&post=119"}],"version-history":[{"count":35,"href":"https:\/\/www.rotarymodena.it\/index.php?rest_route=\/wp\/v2\/pages\/119\/revisions"}],"predecessor-version":[{"id":7656,"href":"https:\/\/www.rotarymodena.it\/index.php?rest_route=\/wp\/v2\/pages\/119\/revisions\/7656"}],"up":[{"embeddable":true,"href":"https:\/\/www.rotarymodena.it\/index.php?rest_route=\/wp\/v2\/pages\/832"}],"wp:attachment":[{"href":"https:\/\/www.rotarymodena.it\/index.php?rest_route=%2Fwp%2Fv2%2Fmedia&parent=119"}],"curies":[{"name":"wp","href":"https:\/\/api.w.org\/{rel}","templated":true}]}}